{"id":509,"date":"2018-05-24T09:15:52","date_gmt":"2018-05-24T09:15:52","guid":{"rendered":"http:\/\/tekcoat.com\/?page_id=509"},"modified":"2019-11-21T13:00:07","modified_gmt":"2019-11-21T13:00:07","slug":"producto","status":"publish","type":"page","link":"https:\/\/tekcoat.com\/es\/producto\/","title":{"rendered":"Producto"},"content":{"rendered":"<div style=\"background: url('https:\/\/tekcoat.com\/wp-content\/uploads\/2018\/05\/\u0424\u043e\u043d-\u0434\u043b\u044f-\u0442\u0435\u043a\u0441\u0442\u0430-1.png')no-repeat scroll; background-size: cover; padding: 20px; opacity: 0,2;\">\n<p style=\"text-align: justify; color: #000;\"><strong><b>TEKCOAT R<\/b><b>ecubrimientos<\/b><b> en <\/b><b>composites<\/b><b> de 2 <\/b><b>componentes<\/b><b>, <\/b><b>con <\/b><b>part\u00edculas<\/b> <b>pre<\/b><b>&#8211;<\/b><b>silani<\/b><b>z<\/b><b>adas<\/b><b> con <\/b><b>refuerzo<\/b><b> de <\/b><b>micro<\/b><b> y nano <\/b><b>part\u00edculas<\/b><b> de alta tecnologia<\/b><\/strong><\/p>\n<p style=\"text-align: justify; color: #000;\"><b>&#8211;<\/b><b>Materiales<\/b><b> de <\/b><b>refuerzo<\/b><b> con <\/b><b>micro<\/b> <b>cer\u00e1mica<br \/>\n<\/b><b>&#8211;<\/b><b>Materiales<\/b><b> de <\/b><b>relleno<\/b> <b>\u00f3rgano-cer\u00e1micos<\/b><\/p>\n<p style=\"text-align: justify; color: #000;\"><strong>Ventajas del producto<\/strong><\/p>\n<ul>\n<li><strong>m\u00e1xima protecci\u00f3n contra la corrosi\u00f3n<\/strong><\/li>\n<li><strong>excelente adhesi\u00f3n<\/strong><\/li>\n<li><strong>extrema resistencia a la abrasi\u00f3n<\/strong><\/li>\n<li><strong>alta resistencia al impacto<\/strong><\/li>\n<li><strong>alta flexibilidad de flexi\u00f3n<\/strong><\/li>\n<li><strong>excelente resistencia qu\u00edmica y t\u00e9rmica<\/strong><\/li>\n<li><strong>aplicaci\u00f3n directa en acero, acero inoxidable, hormig\u00f3n<\/strong><\/li>\n<li><strong>grandes ahorros en costos de aplicaci\u00f3n<\/strong><\/li>\n<li><strong>uso m\u00e1s f\u00e1cil<\/strong><\/li>\n<li><strong>durabilidad extrema<\/strong><\/li>\n<li><strong>100% libre de solventes<\/strong><\/li>\n<\/ul>\n<\/div>\n<div style=\"background: url('https:\/\/tekcoat.com\/wp-content\/uploads\/2018\/05\/\u0424\u043e\u043d-\u0434\u043b\u044f-\u0442\u0435\u043a\u0441\u0442\u0430-1.png')no-repeat scroll; background-size: cover; padding: 20px; opacity: 0,2;\">\n<p style=\"text-align: justify; color: #000;\"><strong><u>TEKCOAT&nbsp; MARINE<\/u><\/strong><img loading=\"lazy\" decoding=\"async\" class=\"size-full wp-image-483 alignright\" src=\"https:\/\/tekcoat.com\/wp-content\/uploads\/2018\/05\/marine.jpg\" alt=\"\" width=\"262\" height=\"188\"><\/p>\n<p style=\"text-align: justify; color: #000;\"><strong>Composite epoxi-cer\u00e1mico sin disolventes de dos componentes en base a una resina epox\u00eddica \u2013novolaca aplicable como pintura de alta tecnolog\u00eda para recubrimientos. Gama colores RAL , versi\u00f3n protecci\u00f3n contra&nbsp; biocorrosi\u00f3n posible.<\/strong><\/p>\n<p style=\"text-align: justify; color: #000;\"><strong>Zonas de uso: Protecci\u00f3n en atm\u00f3sferas y medios marinos, acu\u00e1ticos y atmosf\u00e9ricos, etc.<\/strong><\/p>\n<p><strong><u><img loading=\"lazy\" decoding=\"async\" class=\"alignleft wp-image-484\" src=\"https:\/\/tekcoat.com\/wp-content\/uploads\/2018\/05\/Chem-s.jpg\" alt=\"\" width=\"200\" height=\"153\" srcset=\"https:\/\/tekcoat.com\/wp-content\/uploads\/2018\/05\/Chem-s.jpg 452w, https:\/\/tekcoat.com\/wp-content\/uploads\/2018\/05\/Chem-s-300x230.jpg 300w\" sizes=\"auto, (max-width: 200px) 100vw, 200px\" \/><\/u><\/strong><\/p>\n<p style=\"text-align: justify; color: #000;\"><strong><u>TEKCOAT&nbsp; CHEM S<\/u><\/strong><\/p>\n<p style=\"text-align: justify; color: #000;\"><strong>Composite epoxi-cer\u00e1mico sin disolventes de dos componentes en base a una resina epox\u00eddica \u2013novolaca aplicable como pintura de alta tecnolog\u00eda para recubrimientos para protecci\u00f3n f\u00edsico-qu\u00edmica en general. Versiones con capacidad de disipaci\u00f3n electrost\u00e1tico o bien con protecci\u00f3n contra la biocorrosi\u00f3n, posibles.<\/strong><\/p>\n<p style=\"text-align: justify; color: #000;\"><strong>Zonas de uso: Industria del petr\u00f3leo y protecci\u00f3n qu\u00edmica en general en tanques y tuber\u00edas.<\/strong><\/p>\n<p style=\"text-align: justify; color: #000;\"><strong><u>TEKCOAT&nbsp; CHEM HR<img loading=\"lazy\" decoding=\"async\" class=\"size-full wp-image-485 alignright\" src=\"https:\/\/tekcoat.com\/wp-content\/uploads\/2018\/05\/Chem-hr.jpg\" alt=\"\" width=\"240\" height=\"184\"><\/u><\/strong><\/p>\n<p style=\"text-align: justify; color: #000;\"><strong>Composite epoxi-cer\u00e1mico sin disolventes de dos componentes en base a una resina epox\u00eddica \u2013novolaca con micro y nano carga de part\u00edcula cer\u00e1mica silanizada,&nbsp; y quelatos, aplicable como pintura de alta tecnolog\u00eda para recubrimientos para protecci\u00f3n f\u00edsico-qu\u00edmica&nbsp; de alto nivel.<\/strong><\/p>\n<p style=\"text-align: justify; color: #000;\"><strong>Zonas de uso:&nbsp; Industria del petr\u00f3leo y protecci\u00f3n qu\u00edmica en general en tanques, tuber\u00edas, equipos, etc. con alta resistencia a la corrosi\u00f3n y a la abrasi\u00f3n.<\/strong><\/p>\n<p><strong><u><img loading=\"lazy\" decoding=\"async\" class=\"alignleft wp-image-486\" src=\"https:\/\/tekcoat.com\/wp-content\/uploads\/2018\/05\/HT.jpg\" alt=\"\" width=\"200\" height=\"139\" srcset=\"https:\/\/tekcoat.com\/wp-content\/uploads\/2018\/05\/HT.jpg 406w, https:\/\/tekcoat.com\/wp-content\/uploads\/2018\/05\/HT-300x209.jpg 300w\" sizes=\"auto, (max-width: 200px) 100vw, 200px\" \/><\/u><\/strong><\/p>\n<p style=\"text-align: justify; color: #000;\"><strong><u>TEKCOAT&nbsp; CHEM HT<\/u><\/strong><\/p>\n<p style=\"text-align: justify; color: #000;\"><strong>Composite epoxi-cer\u00e1mico sin disolventes de dos componentes en base a una resina epox\u00eddica \u2013novolaca,&nbsp; con cargas espec\u00edficas de esfera hueca y resina para aplicaci\u00f3n durante operaci\u00f3n con temperaturas altas. Aplicable como pintura de alta tecnolog\u00eda para recubrimientos para protecci\u00f3n f\u00edsico-qu\u00edmica&nbsp; de alto nivel.<\/strong><\/p>\n<p style=\"text-align: justify; color: #000;\"><strong>Zonas de uso: tuber\u00edas, separadores de crudo, etc.<\/strong><\/p>\n<p style=\"text-align: justify; color: #000;\"><strong><u>TEKCOAT&nbsp; SUB-SEA<img loading=\"lazy\" decoding=\"async\" class=\"alignright wp-image-487\" src=\"https:\/\/tekcoat.com\/wp-content\/uploads\/2018\/05\/sub-sea.jpg\" alt=\"\" width=\"200\" height=\"152\" srcset=\"https:\/\/tekcoat.com\/wp-content\/uploads\/2018\/05\/sub-sea.jpg 387w, https:\/\/tekcoat.com\/wp-content\/uploads\/2018\/05\/sub-sea-300x229.jpg 300w\" sizes=\"auto, (max-width: 200px) 100vw, 200px\" \/><\/u><\/strong><\/p>\n<p style=\"text-align: justify; color: #000;\"><strong>es un composite epo\u0301xico de recubrimiento, tolerante a la humedad y al agua en la aplicacio\u0301n, que ofrece inmejorable proteccio\u0301n contra la corrosio\u0301n a una amplia variedad de metales, fibra de vidrio, pla\u0301sticos reforzados y substratos de hormigo\u0301n. El producto es 100% so\u0301lidos y se fabrica para aplicacio\u0301n manual (M) o para su proyeccio\u0301n mediante air-less (S)<\/strong><br \/>\n<strong>La capa au\u0301n fresca puede curar con humedad e incluso debajo del agua.<\/strong><\/p>\n<p><strong><u><img loading=\"lazy\" decoding=\"async\" class=\"size-full wp-image-488 alignleft\" src=\"https:\/\/tekcoat.com\/wp-content\/uploads\/2018\/05\/ST.jpg\" alt=\"\" width=\"228\" height=\"228\" srcset=\"https:\/\/tekcoat.com\/wp-content\/uploads\/2018\/05\/ST.jpg 228w, https:\/\/tekcoat.com\/wp-content\/uploads\/2018\/05\/ST-150x150.jpg 150w\" sizes=\"auto, (max-width: 228px) 100vw, 228px\" \/><\/u><\/strong><\/p>\n<p style=\"text-align: justify; color: #000;\"><strong><u>TEKCOAT&nbsp; ST<\/u><\/strong><\/p>\n<p style=\"text-align: justify; color: #000;\"><strong>\u00abComposite\u201d epoxi-cer\u00e1mico sin disolventes de dos componentes en base a una resina epox\u00eddica \u2013novolaca con refuerzo HEUCOPHOS ZAM \u00ae <i>PLUS<\/i>, aplicable como pintura de alta tecnolog\u00eda para recubrimientos para protecci\u00f3n f\u00edsico-qu\u00edmica en general, tolerante a la baja preparaci\u00f3n superficial.<\/strong><\/p>\n<p style=\"text-align: justify; color: #000;\"><strong>Zonas de uso: Industria del petr\u00f3leo y protecci\u00f3n qu\u00edmica en general en tanques y tuber\u00edas de acero.<\/strong><\/p>\n<p style=\"text-align: justify; color: #000;\"><strong><u>TEKCOAT&nbsp; XTREM-pH<img loading=\"lazy\" decoding=\"async\" class=\"alignright wp-image-489\" src=\"https:\/\/tekcoat.com\/wp-content\/uploads\/2018\/05\/xtrem-pH.jpg\" alt=\"\" width=\"200\" height=\"139\" srcset=\"https:\/\/tekcoat.com\/wp-content\/uploads\/2018\/05\/xtrem-pH.jpg 359w, https:\/\/tekcoat.com\/wp-content\/uploads\/2018\/05\/xtrem-pH-300x208.jpg 300w\" sizes=\"auto, (max-width: 200px) 100vw, 200px\" \/><\/u><\/strong><\/p>\n<p style=\"text-align: justify; color: #000;\"><strong>Resina h\u00edbrida novolac-vinil\u00e9ster de dos componentes aplicable como pintura de alta tecnolog\u00eda para recubrimientos para protecci\u00f3n qu\u00edmica contra productos altamente \u00e1cidos, por ejemplo, \u00e1cido sulf\u00farico al 98%, etc.<\/strong><\/p>\n<p style=\"text-align: justify; color: #000;\"><strong>Zonas de uso: Tanque y tuber\u00edas, transporte de \u00e1cido, etc.<\/strong><\/p>\n<p><strong><u><img loading=\"lazy\" decoding=\"async\" class=\"alignleft wp-image-490\" src=\"https:\/\/tekcoat.com\/wp-content\/uploads\/2018\/05\/xtrem-pht.jpg\" alt=\"\" width=\"200\" height=\"154\" srcset=\"https:\/\/tekcoat.com\/wp-content\/uploads\/2018\/05\/xtrem-pht.jpg 703w, https:\/\/tekcoat.com\/wp-content\/uploads\/2018\/05\/xtrem-pht-300x232.jpg 300w\" sizes=\"auto, (max-width: 200px) 100vw, 200px\" \/><\/u><\/strong><\/p>\n<p style=\"text-align: justify; color: #000;\"><strong><u>TEKCOAT&nbsp; XTREM-<u>pHt<\/u><\/u><\/strong><\/p>\n<p style=\"text-align: justify; color: #000;\"><strong>Resina h\u00edbrida novolac-vinil\u00e9ster de dos componentes aplicable como pintura de alta tecnolog\u00eda para recubrimientos para protecci\u00f3n qu\u00edmica contra productos qu\u00edmicamente agresivos y disolventes.<\/strong><\/p>\n<p style=\"text-align: justify; color: #000;\"><strong>Zonas de uso: Tanque y tuber\u00edas, zonas de gases en alta temperatura, etc. , en inmersi\u00f3n continua, incluso a temperaturas altas. Resistente a ciclos de temperatura. Muy baja permeabilidad.<\/strong><\/p>\n<\/div>\n","protected":false},"excerpt":{"rendered":"<p>TEKCOAT Recubrimientos en composites de 2 componentes, con part\u00edculas pre-silanizadas con refuerzo de micro y nano part\u00edculas de alta tecnologia.<\/p>\n","protected":false},"author":1,"featured_media":392,"parent":0,"menu_order":0,"comment_status":"closed","ping_status":"closed","template":"","meta":{"ngg_post_thumbnail":0,"footnotes":""},"class_list":["post-509","page","type-page","status-publish","has-post-thumbnail","hentry"],"_links":{"self":[{"href":"https:\/\/tekcoat.com\/es\/wp-json\/wp\/v2\/pages\/509\/"}],"collection":[{"href":"https:\/\/tekcoat.com\/es\/wp-json\/wp\/v2\/pages\/"}],"about":[{"href":"https:\/\/tekcoat.com\/es\/wp-json\/wp\/v2\/types\/page\/"}],"author":[{"embeddable":true,"href":"https:\/\/tekcoat.com\/es\/wp-json\/wp\/v2\/users\/1\/"}],"replies":[{"embeddable":true,"href":"https:\/\/tekcoat.com\/es\/wp-json\/wp\/v2\/comments\/?post=509"}],"version-history":[{"count":6,"href":"https:\/\/tekcoat.com\/es\/wp-json\/wp\/v2\/pages\/509\/revisions\/"}],"predecessor-version":[{"id":888,"href":"https:\/\/tekcoat.com\/es\/wp-json\/wp\/v2\/pages\/509\/revisions\/888\/"}],"wp:featuredmedia":[{"embeddable":true,"href":"https:\/\/tekcoat.com\/es\/wp-json\/wp\/v2\/media\/392\/"}],"wp:attachment":[{"href":"https:\/\/tekcoat.com\/es\/wp-json\/wp\/v2\/media\/?parent=509"}],"curies":[{"name":"wp","href":"https:\/\/api.w.org\/{rel}","templated":true}]}}