{"id":511,"date":"2018-05-24T09:15:52","date_gmt":"2018-05-24T09:15:52","guid":{"rendered":"http:\/\/tekcoat.com\/?page_id=511"},"modified":"2019-11-21T13:24:01","modified_gmt":"2019-11-21T13:24:01","slug":"aplicaciones","status":"publish","type":"page","link":"https:\/\/tekcoat.com\/es\/aplicaciones\/","title":{"rendered":"Aplicaciones"},"content":{"rendered":"<p><img loading=\"lazy\" decoding=\"async\" class=\"aligncenter wp-image-661\" src=\"https:\/\/tekcoat.com\/wp-content\/uploads\/2019\/11\/es-1024x875.png\" alt=\"\" width=\"550\" height=\"470\" srcset=\"https:\/\/tekcoat.com\/wp-content\/uploads\/2019\/11\/es-1024x875.png 1024w, https:\/\/tekcoat.com\/wp-content\/uploads\/2019\/11\/es-300x256.png 300w, https:\/\/tekcoat.com\/wp-content\/uploads\/2019\/11\/es-768x656.png 768w, https:\/\/tekcoat.com\/wp-content\/uploads\/2019\/11\/es.png 1122w\" sizes=\"auto, (max-width: 550px) 100vw, 550px\" \/><\/p>\n<div style=\"background: url('https:\/\/tekcoat.com\/wp-content\/uploads\/2018\/05\/\u0424\u043e\u043d-\u0434\u043b\u044f-\u0442\u0435\u043a\u0441\u0442\u0430-1.png')no-repeat scroll; background-size: cover; padding: 20px; opacity: 0,2;\">\n<blockquote><p>&nbsp;<\/p>\n<p style=\"text-align: justify; color: #000;\">Alcance ilimitado para la m\u00e1xima protecci\u00f3n contra la corrosi\u00f3n.<\/p>\n<p style=\"text-align: justify; color: #000;\">Los sistemas de revestimiento de alto rendimiento de TEKCOAT satisfacen requisitos complejos y muestran una gran versatilidad en su campo de aplicaci\u00f3n.<\/p>\n<\/blockquote>\n<\/div>\n<p>&nbsp;<\/p>\n\n<div class=\"gdgallery-gallery-container\" id=\"gdgallery-container-2\" data-id=\"2\">\n    \n<div id=\"gdgallery_container_2\" style=\"display:none;\" data-view=\"grid\">\n            <a href=\"\">\n            <img decoding=\"async\" alt=\"Plataformas petroleras\"\n                 data-type=\"image\"\n                 src=\"https:\/\/tekcoat.com\/wp-content\/uploads\/2018\/05\/\u0420\u0438\u0441\u0443\u043d\u043e\u043a1.jpg.png\"\n                 data-image=\"https:\/\/tekcoat.com\/wp-content\/uploads\/2018\/05\/\u0420\u0438\u0441\u0443\u043d\u043e\u043a1.jpg.png\"\n                 data-description=\"\"\n                                 style=\"display:block\">\n        <\/a>\n            <a href=\"\">\n            <img decoding=\"async\" alt=\"Lineas de flujo de agua, petroleo, gas \"\n                 data-type=\"image\"\n                 src=\"https:\/\/tekcoat.com\/wp-content\/uploads\/2018\/05\/\u0420\u0438\u0441\u0443\u043d\u043e\u043a2.png\"\n                 data-image=\"https:\/\/tekcoat.com\/wp-content\/uploads\/2018\/05\/\u0420\u0438\u0441\u0443\u043d\u043e\u043a2.png\"\n                 data-description=\" \"\n                                 style=\"display:block\">\n        <\/a>\n            <a href=\"\">\n            <img decoding=\"async\" alt=\"Estructuras de acero\"\n                 data-type=\"image\"\n                 src=\"https:\/\/tekcoat.com\/wp-content\/uploads\/2018\/05\/\u0420\u0438\u0441\u0443\u043d\u043e\u043a4.png\"\n                 data-image=\"https:\/\/tekcoat.com\/wp-content\/uploads\/2018\/05\/\u0420\u0438\u0441\u0443\u043d\u043e\u043a4.png\"\n                 data-description=\"\"\n                                 style=\"display:block\">\n        <\/a>\n            <a href=\"\">\n            <img decoding=\"async\" alt=\"Tanques de almacenamiento\"\n                 data-type=\"image\"\n                 src=\"https:\/\/tekcoat.com\/wp-content\/uploads\/2018\/05\/\u0420\u0438\u0441\u0443\u043d\u043e\u043a6.png\"\n                 data-image=\"https:\/\/tekcoat.com\/wp-content\/uploads\/2018\/05\/\u0420\u0438\u0441\u0443\u043d\u043e\u043a6.png\"\n                 data-description=\"\"\n                                 style=\"display:block\">\n        <\/a>\n            <a href=\"\">\n            <img decoding=\"async\" alt=\"Tanques off-shore\"\n                 data-type=\"image\"\n                 src=\"https:\/\/tekcoat.com\/wp-content\/uploads\/2018\/05\/\u0420\u0438\u0441\u0443\u043d\u043e\u043a5.png\"\n                 data-image=\"https:\/\/tekcoat.com\/wp-content\/uploads\/2018\/05\/\u0420\u0438\u0441\u0443\u043d\u043e\u043a5.png\"\n                 data-description=\"\"\n                                 style=\"display:block\">\n        <\/a>\n            <a href=\"\">\n            <img decoding=\"async\" alt=\"Industria qu\u00edmica\"\n                 data-type=\"image\"\n                 src=\"https:\/\/tekcoat.com\/wp-content\/uploads\/2018\/05\/latest314-e1527077375447.jpg\"\n                 data-image=\"https:\/\/tekcoat.com\/wp-content\/uploads\/2018\/05\/latest314-e1527077375447.jpg\"\n                 data-description=\"\"\n                                 style=\"display:block\">\n        <\/a>\n    <\/div>\n\n<script type=\"text\/javascript\">\n    (function() {\n        var runMyCode = function() {\n            jQuery(document).ready(function () {\n                var container = jQuery(\"#gdgallery_container_2\");\n                container.unitegallery({\"gallery_theme\":\"tilesgrid\",\"tile_width\":200,\"tile_height\":200,\"grid_space_between_cols\":20,\"grid_space_between_rows\":20,\"gallery_width\":\"100%\",\"gallery_background_color\":\"#FFFFFF\",\"theme_navigation_type\":\"bullets\",\"theme_bullets_margin_top\":50,\"theme_bullets_color\":\"gray\",\"bullets_space_between\":15,\"theme_arrows_margin_top\":50,\"theme_space_between_arrows\":20,\"theme_navigation_align\":\"center\",\"theme_navigation_offset_hor\":0,\"grid_num_rows\":3,\"tile_enable_textpanel\":true,\"tile_textpanel_title_text_align\":\"left\",\"tile_textpanel_title_font_size\":\"16\",\"tile_textpanel_title_color\":\"#FFFFFF\",\"tile_textpanel_bg_color\":\"#333333\",\"tile_textpanel_bg_opacity\":0.7,\"tile_enable_border\":true,\"tile_border_width\":\"1\",\"tile_border_color\":\"#333333\",\"tile_border_radius\":\"3\",\"tile_enable_overlay\":true,\"tile_enable_image_effect\":true,\"tile_image_effect_type\":\"blur\",\"tile_image_effect_reverse\":true,\"tile_enable_shadow\":true,\"tile_as_link\":false,\"tile_enable_icons\":true,\"tile_show_link_icon\":true,\"tile_textpanel_appear_type\":\"slide\",\"tile_textpanel_position\":\"bottom\",\"tile_link_newpage\":true,\"lightbox_type\":\"wide\",\"lightbox_arrows_offset\":0,\"lightbox_overlay_color\":\"#000000\",\"lightbox_overlay_opacity\":1,\"lightbox_top_panel_opacity\":1,\"lightbox_show_numbers\":true,\"lightbox_numbers_size\":\"15\",\"lightbox_numbers_color\":\"#FFFFFF\",\"lightbox_slider_image_border_width\":\"0\",\"lightbox_slider_image_border_color\":\"#FFFFFF\",\"lightbox_slider_image_border_radius\":0,\"lightbox_slider_image_shadow\":true,\"lightbox_slider_control_swipe\":true,\"lightbox_slider_control_zoom\":true,\"lightbox_slider_image_border\":true,\"lightbox_show_textpanel\":true,\"lightbox_textpanel_enable_title\":true,\"lightbox_textpanel_enable_description\":false,\"lightbox_textpanel_padding_top\":5,\"lightbox_textpanel_padding_bottom\":5,\"lightbox_textpanel_padding_right\":5,\"lightbox_textpanel_padding_left\":5,\"lightbox_textpanel_title_color\":\"#FFFFFF\",\"lightbox_textpanel_title_text_align\":\"center\",\"lightbox_textpanel_title_font_size\":\"16\",\"lightbox_textpanel_desc_color\":\"#FFFFFF\",\"lightbox_textpanel_desc_text_align\":\"center\",\"lightbox_textpanel_desc_font_size\":\"14\"});\n            });\n        };\n        var timer = function() {\n            if (window.jQuery) {runMyCode(window.jQuery);}\n            else {window.setTimeout(timer, 100);}\n        };\n        timer();\n    })();\n<\/script>\n<style>.ug-lightbox .ug-lightbox-top-panel-overlay{\n    background-color: #000000 !important;\n}\n#gdgallery_container_2{}<\/style>\n<\/div>\n\n\n\n\n\n\n","protected":false},"excerpt":{"rendered":"<p>Los sistemas de revestimiento de alto rendimiento de TEKCOAT satisfacen requisitos complejos y muestran una gran versatilidad en su campo de aplicaci\u00f3n.<\/p>\n","protected":false},"author":1,"featured_media":406,"parent":0,"menu_order":0,"comment_status":"closed","ping_status":"closed","template":"","meta":{"ngg_post_thumbnail":0,"footnotes":""},"class_list":["post-511","page","type-page","status-publish","has-post-thumbnail","hentry"],"_links":{"self":[{"href":"https:\/\/tekcoat.com\/es\/wp-json\/wp\/v2\/pages\/511\/"}],"collection":[{"href":"https:\/\/tekcoat.com\/es\/wp-json\/wp\/v2\/pages\/"}],"about":[{"href":"https:\/\/tekcoat.com\/es\/wp-json\/wp\/v2\/types\/page\/"}],"author":[{"embeddable":true,"href":"https:\/\/tekcoat.com\/es\/wp-json\/wp\/v2\/users\/1\/"}],"replies":[{"embeddable":true,"href":"https:\/\/tekcoat.com\/es\/wp-json\/wp\/v2\/comments\/?post=511"}],"version-history":[{"count":10,"href":"https:\/\/tekcoat.com\/es\/wp-json\/wp\/v2\/pages\/511\/revisions\/"}],"predecessor-version":[{"id":718,"href":"https:\/\/tekcoat.com\/es\/wp-json\/wp\/v2\/pages\/511\/revisions\/718\/"}],"wp:featuredmedia":[{"embeddable":true,"href":"https:\/\/tekcoat.com\/es\/wp-json\/wp\/v2\/media\/406\/"}],"wp:attachment":[{"href":"https:\/\/tekcoat.com\/es\/wp-json\/wp\/v2\/media\/?parent=511"}],"curies":[{"name":"wp","href":"https:\/\/api.w.org\/{rel}","templated":true}]}}