{"id":729,"date":"2019-11-21T11:14:08","date_gmt":"2019-11-21T11:14:08","guid":{"rendered":"http:\/\/tekcoat.com\/?page_id=729"},"modified":"2019-11-21T12:59:00","modified_gmt":"2019-11-21T12:59:00","slug":"produit","status":"publish","type":"page","link":"https:\/\/tekcoat.com\/fr\/produit\/","title":{"rendered":"Produit"},"content":{"rendered":"<div style=\"background: url('https:\/\/tekcoat.com\/wp-content\/uploads\/2018\/05\/\u0424\u043e\u043d-\u0434\u043b\u044f-\u0442\u0435\u043a\u0441\u0442\u0430-1.png')no-repeat scroll; background-size: cover; padding: 20px; opacity: 0,2;\">\n<p style=\"color: #000000; text-align: justify;\"><strong>Rev\u00eatements TEKCOAT en 2 composants composites, avec des particules pr\u00e9-silanis\u00e9es avec micro haute technologie et NANO-renfort de particules:<\/strong><\/p>\n<p><span style=\"color: #000000;\"><strong>&#8211; Mat\u00e9riaux de renforcement avec micro c\u00e9ramique<\/strong><\/span><br \/>\n<span style=\"color: #000000;\"><strong>&#8211; Mat\u00e9riaux de remplissage en c\u00e9ramique organique<\/strong><\/span><\/p>\n<p style=\"text-align: justify; color: #000;\"><strong>Avantages Du Produit<\/strong><\/p>\n<ul>\n<li><span style=\"color: #000000;\"><strong>la plus haute protection contre la corrosion<\/strong><\/span><\/li>\n<li><span style=\"color: #000000;\"><strong>adh\u00e9rence exceptionnelle<\/strong><\/span><\/li>\n<li><span style=\"color: #000000;\"><strong>r\u00e9sistance extr\u00eame \u00e0 l&rsquo;abrasion<\/strong><\/span><\/li>\n<li><span style=\"color: #000000;\"><strong>haute r\u00e9sistance \u00e0 l&rsquo;impact<\/strong><\/span><\/li>\n<li><span style=\"color: #000000;\"><strong>flexibilit\u00e9 de pliage \u00e9lev\u00e9e<\/strong><\/span><\/li>\n<li><span style=\"color: #000000;\"><strong>excellente r\u00e9sistance chimique et thermique<\/strong><\/span><\/li>\n<li><span style=\"color: #000000;\"><strong>application directe sur acier, acier inoxydable, b\u00e9ton<\/strong><\/span><\/li>\n<li><span style=\"color: #000000;\"><strong>\u00e9conomies importantes sur les co\u00fbts d&rsquo;application<\/strong><\/span><\/li>\n<li><span style=\"color: #000000;\"><strong>facile d&rsquo;utilisation<\/strong><\/span><\/li>\n<li><span style=\"color: #000000;\"><strong>durabilit\u00e9 extr\u00eame<\/strong><\/span><\/li>\n<li><span style=\"color: #000000;\"><strong>100% sans solvant<\/strong><\/span><\/li>\n<\/ul>\n<\/div>\n<div style=\"background: url('https:\/\/tekcoat.com\/wp-content\/uploads\/2018\/05\/\u0424\u043e\u043d-\u0434\u043b\u044f-\u0442\u0435\u043a\u0441\u0442\u0430-1.png')no-repeat scroll; background-size: cover; padding: 20px; opacity: 0,2;\">\n<p style=\"text-align: justify; color: #000;\"><strong><u>TEKCOAT&nbsp; MARINE<img loading=\"lazy\" decoding=\"async\" class=\"size-full wp-image-483 alignright\" src=\"https:\/\/tekcoat.com\/wp-content\/uploads\/2018\/05\/marine.jpg\" alt=\"\" width=\"262\" height=\"188\"><\/u><\/strong><\/p>\n<p style=\"text-align: justify; color: #000;\"><strong>Souple, monocouche, deux composants, 100% solides, rev\u00eatement en c\u00e9ramique novolac \u00e9poxydique, offrant une r\u00e9sistance \u00e0 la corrosion et \u00e0 l&rsquo;abrasion dans l&rsquo;eau de mer Xtrem et les environnements marins.<\/strong><br \/>\n<strong>Optioanally: biocide sp\u00e9cial \u00e0 large spectre cristallis\u00e9 pour la protection contre la corrosion biologique.<\/strong><\/p>\n<p><img loading=\"lazy\" decoding=\"async\" class=\"alignleft wp-image-484\" src=\"https:\/\/tekcoat.com\/wp-content\/uploads\/2018\/05\/Chem-s-150x150.jpg\" alt=\"\" width=\"200\" height=\"153\" srcset=\"https:\/\/tekcoat.com\/wp-content\/uploads\/2018\/05\/Chem-s-300x230.jpg 300w, https:\/\/tekcoat.com\/wp-content\/uploads\/2018\/05\/Chem-s.jpg 452w\" sizes=\"auto, (max-width: 200px) 100vw, 200px\" \/><\/p>\n<p style=\"text-align: justify; color: #000;\"><strong><u>TEKCOAT&nbsp; CHEM S<\/u><\/strong><\/p>\n<p style=\"color: #000000; text-align: justify;\"><strong>Composite \u00e9poxy-c\u00e9ramique sans solvants de deux composants \u00e0 base de r\u00e9sine \u00e9poxy-novolac applicable comme peinture de haute technologie pour les rev\u00eatements pour la protection physico-chimique en g\u00e9n\u00e9ral. Versions avec capacit\u00e9 de dissipation \u00e9lectrostatique ou avec protection contre la biocorrosion, possible.<\/strong><\/p>\n<p style=\"text-align: justify; color: #000;\"><strong>Domaines d&rsquo;utilisation: industrie p\u00e9troli\u00e8re et protection chimique en g\u00e9n\u00e9ral dans les r\u00e9servoirs et les pipelines.<\/strong><\/p>\n<p style=\"text-align: justify; color: #000;\"><strong><u>TEKCOAT&nbsp; CHEM HR<img loading=\"lazy\" decoding=\"async\" class=\"size-full wp-image-485 alignright\" src=\"https:\/\/tekcoat.com\/wp-content\/uploads\/2018\/05\/Chem-hr.jpg\" alt=\"\" width=\"240\" height=\"184\"><\/u><\/strong><\/p>\n<p style=\"text-align: justify; color: #000;\"><strong>Composite \u00e9poxy-c\u00e9ramique sans solvants de deux composants \u00e0 base de r\u00e9sine \u00e9poxy-novolac avec micro et NANO charge de particules de c\u00e9ramique silanis\u00e9e, et ch\u00e9lates, applicable comme peinture de haute technologie pour les rev\u00eatements de haut niveau de protection physico-chimique.<\/strong><\/p>\n<p style=\"text-align: justify; color: #000;\"><strong>Domaines d&rsquo;utilisation: industrie p\u00e9troli\u00e8re et protection chimique en g\u00e9n\u00e9ral en citernes, pipes, \u00e9quipements, etc. R\u00e9sistance \u00e9lev\u00e9e \u00e0 la corrosion et \u00e0 l&rsquo;abrasion.<\/strong><\/p>\n<p style=\"text-align: justify; color: #000;\"><strong style=\"color: #000000; text-align: justify;\"><u><img loading=\"lazy\" decoding=\"async\" class=\"wp-image-486 alignleft\" src=\"https:\/\/tekcoat.com\/wp-content\/uploads\/2018\/05\/HT.jpg\" alt=\"\" width=\"206\" height=\"144\" srcset=\"https:\/\/tekcoat.com\/wp-content\/uploads\/2018\/05\/HT.jpg 406w, https:\/\/tekcoat.com\/wp-content\/uploads\/2018\/05\/HT-300x209.jpg 300w\" sizes=\"auto, (max-width: 206px) 100vw, 206px\" \/>TEKCOAT&nbsp; CHEM HT<\/u><\/strong><\/p>\n<p style=\"text-align: justify;\"><span style=\"color: #000000;\"><strong>Composite \u00e9poxy-c\u00e9ramique sans solvants de deux composants \u00e0 base de r\u00e9sine \u00e9poxy-novolac, avec des charges sp\u00e9cifiques de sph\u00e8re creuse et de r\u00e9sine pour l&rsquo;application pendant le fonctionnement \u00e0 des temp\u00e9ratures \u00e9lev\u00e9es. Applicable comme peinture de haute technologie pour les rev\u00eatements de haut niveau de protection physico-chimique.<\/strong><\/span><\/p>\n<p><span style=\"color: #000000;\"><strong>Domaines d&rsquo;utilisation: tuyaux, s\u00e9parateurs d&rsquo;huile, etc.<\/strong><\/span><\/p>\n<p><strong style=\"color: #000000; text-align: justify;\"><u>TEKCOAT&nbsp; SUB-SEA<img loading=\"lazy\" decoding=\"async\" class=\"alignright wp-image-487\" src=\"https:\/\/tekcoat.com\/wp-content\/uploads\/2018\/05\/sub-sea.jpg\" alt=\"\" width=\"200\" height=\"152\" srcset=\"https:\/\/tekcoat.com\/wp-content\/uploads\/2018\/05\/sub-sea.jpg 387w, https:\/\/tekcoat.com\/wp-content\/uploads\/2018\/05\/sub-sea-300x229.jpg 300w\" sizes=\"auto, (max-width: 200px) 100vw, 200px\" \/><\/u><\/strong><\/p>\n<p style=\"text-align: justify;\"><span style=\"color: #000000;\"><strong>Un rev\u00eatement \u00e9poxy sans solvant \u00e0 deux composants , r\u00e9sistant \u00e0 l&rsquo;humidit\u00e9 et \u00e0 l&rsquo;eau pendant l&rsquo;application, peut \u00eatre appliqu\u00e9 sur diff\u00e9rents substrats comme le m\u00e9tal ou le b\u00e9ton. Il peut \u00eatre fourni pour une application manuelle (M)ou pulv\u00e9risable (s).La nouvelle couche peut gu\u00e9rir dans des conditions humides et m\u00eame dans l&rsquo;eau \u00e0 des temp\u00e9ratures diff\u00e9rentes.<\/strong><\/span><\/p>\n<p><strong style=\"color: #000000; text-align: justify;\"><u><img loading=\"lazy\" decoding=\"async\" class=\"alignleft wp-image-488\" src=\"https:\/\/tekcoat.com\/wp-content\/uploads\/2018\/05\/ST.jpg\" alt=\"\" width=\"200\" height=\"200\" srcset=\"https:\/\/tekcoat.com\/wp-content\/uploads\/2018\/05\/ST.jpg 228w, https:\/\/tekcoat.com\/wp-content\/uploads\/2018\/05\/ST-150x150.jpg 150w\" sizes=\"auto, (max-width: 200px) 100vw, 200px\" \/><\/u><\/strong><\/p>\n<p><strong style=\"color: #000000; text-align: justify;\"><u>TEKCOAT&nbsp; ST<\/u><\/strong><\/p>\n<p style=\"text-align: justify;\"><span style=\"color: #000000;\"><strong>Une couche, deux composants de rev\u00eatement \u00e9poxy sans solvant tol\u00e9rant \u00e0 un mauvais traitement de surface, surfaces l\u00e9g\u00e8rement rouill\u00e9es,etc. offrant une r\u00e9sistance aux produits chimiques et \u00e0 l&rsquo;abrasion sur un grand nombre de types de substrats. Il peut \u00eatre fabriqu\u00e9 pour une application manuelle (M) ou sous forme de produit pulv\u00e9risable (s).<\/strong><\/span><\/p>\n<p><strong style=\"color: #000000; text-align: justify;\"><u>TEKCOAT&nbsp; XTREM-pH<img loading=\"lazy\" decoding=\"async\" class=\"alignright wp-image-489\" src=\"https:\/\/tekcoat.com\/wp-content\/uploads\/2018\/05\/xtrem-pH.jpg\" alt=\"\" width=\"200\" height=\"139\" srcset=\"https:\/\/tekcoat.com\/wp-content\/uploads\/2018\/05\/xtrem-pH.jpg 359w, https:\/\/tekcoat.com\/wp-content\/uploads\/2018\/05\/xtrem-pH-300x208.jpg 300w\" sizes=\"auto, (max-width: 200px) 100vw, 200px\" \/><\/u><\/strong><\/p>\n<p style=\"text-align: justify;\"><span style=\"color: #000000;\"><strong>Rev\u00eatement de film mince sp\u00e9cifique tr\u00e8s r\u00e9sistant aux acides comme l&rsquo;acide sulfurique 98%, bas\u00e9 sur une r\u00e9sine novolac 100% avec un agentcycloaliphatique modifi\u00e9 de r\u00e9action aux amines.<\/strong><\/span><\/p>\n<p style=\"text-align: justify;\"><span style=\"color: #000000;\"><strong>Sp\u00e9cialement con\u00e7u contre la corrosion chimique et l&rsquo;abrasion pour les r\u00e9servoirs en acier, les r\u00e9acteurs, les tuyaux, etc.<\/strong><\/span><\/p>\n<p><strong style=\"color: #000000; text-align: justify;\"><u><img loading=\"lazy\" decoding=\"async\" class=\"alignleft wp-image-490\" src=\"https:\/\/tekcoat.com\/wp-content\/uploads\/2018\/05\/xtrem-pht.jpg\" alt=\"\" width=\"200\" height=\"154\" srcset=\"https:\/\/tekcoat.com\/wp-content\/uploads\/2018\/05\/xtrem-pht.jpg 703w, https:\/\/tekcoat.com\/wp-content\/uploads\/2018\/05\/xtrem-pht-300x232.jpg 300w\" sizes=\"auto, (max-width: 200px) 100vw, 200px\" \/>TEKCOAT&nbsp; XTREM-<\/u><u>pHt<\/u><\/strong><\/p>\n<p style=\"text-align: justify;\"><span style=\"color: #000000;\"><strong>Rev\u00eatement \u00ab\u00a0Premium\u00a0\u00bb \u00e0 base d&rsquo;une r\u00e9sine novolac d&rsquo;ester de vinyle, \u00e0 faible teneur en COV, pour exposition chimique \u00e0 des temp\u00e9ratures \u00e9lev\u00e9es, r\u00e9sistant aux cycles thermiques, aux acides organiques ou aux alcalis tr\u00e8s agressifs, aux solvants, etc. Une tr\u00e8s faible perm\u00e9abilit\u00e9.<\/strong><\/span><\/p>\n<\/div>\n","protected":false},"excerpt":{"rendered":"<p>Rev\u00eatements TEKCOAT en 2 composants composites, avec des particules pr\u00e9-silanis\u00e9es avec micro haute technologie et NANO-renfort de particules.<\/p>\n","protected":false},"author":1,"featured_media":783,"parent":0,"menu_order":0,"comment_status":"closed","ping_status":"closed","template":"","meta":{"ngg_post_thumbnail":0,"footnotes":""},"class_list":["post-729","page","type-page","status-publish","has-post-thumbnail","hentry"],"_links":{"self":[{"href":"https:\/\/tekcoat.com\/fr\/wp-json\/wp\/v2\/pages\/729\/"}],"collection":[{"href":"https:\/\/tekcoat.com\/fr\/wp-json\/wp\/v2\/pages\/"}],"about":[{"href":"https:\/\/tekcoat.com\/fr\/wp-json\/wp\/v2\/types\/page\/"}],"author":[{"embeddable":true,"href":"https:\/\/tekcoat.com\/fr\/wp-json\/wp\/v2\/users\/1\/"}],"replies":[{"embeddable":true,"href":"https:\/\/tekcoat.com\/fr\/wp-json\/wp\/v2\/comments\/?post=729"}],"version-history":[{"count":4,"href":"https:\/\/tekcoat.com\/fr\/wp-json\/wp\/v2\/pages\/729\/revisions\/"}],"predecessor-version":[{"id":787,"href":"https:\/\/tekcoat.com\/fr\/wp-json\/wp\/v2\/pages\/729\/revisions\/787\/"}],"wp:featuredmedia":[{"embeddable":true,"href":"https:\/\/tekcoat.com\/fr\/wp-json\/wp\/v2\/media\/783\/"}],"wp:attachment":[{"href":"https:\/\/tekcoat.com\/fr\/wp-json\/wp\/v2\/media\/?parent=729"}],"curies":[{"name":"wp","href":"https:\/\/api.w.org\/{rel}","templated":true}]}}