{"id":759,"date":"2019-11-21T11:44:40","date_gmt":"2019-11-21T11:44:40","guid":{"rendered":"http:\/\/tekcoat.com\/?page_id=759"},"modified":"2019-11-21T11:45:02","modified_gmt":"2019-11-21T11:45:02","slug":"contacter","status":"publish","type":"page","link":"https:\/\/tekcoat.com\/fr\/contacter\/","title":{"rendered":"Contacter"},"content":{"rendered":"\n<iframe loading=\"lazy\" src=\"https:\/\/www.google.com\/maps\/embed?pb=!1m18!1m12!1m3!1d1596.101427440786!2d10.209222858115437!3d36.861562994983984!2m3!1f0!2f0!3f0!3m2!1i1024!2i768!4f13.1!3m3!1m2!1s0x12e2cb2bedc219e3%3A0xc0bfdc5b213f8c78!2s49%20Avenue%20de%20l'UMA%2C%20Tunisia!5e0!3m2!1sen!2sus!4v1574332473106!5m2!1sen!2sus\" width=\"700\" height=\"200\" frameborder=\"0\" style=\"border:0;\" allowfullscreen=\"\"><\/iframe>\n\n\n\n<div style=\"height:20px\" aria-hidden=\"true\" class=\"wp-block-spacer\"><\/div>\n\n\n<p style=\"text-align: justify; color: #000;\">Si vous avez des questions concernant les ventes ou toute autre, s&rsquo;il vous pla\u00eet envoyer votre message via notre formulaire de contact.<\/p>\n<p style=\"text-align: justify; color: #000;\">Nous vous r\u00e9pondrons d\u00e8s que possible. Gr\u00e2ce.<\/p>\n\n<div class=\"wpcf7 no-js\" id=\"wpcf7-f760-o1\" lang=\"en-US\" dir=\"ltr\" data-wpcf7-id=\"760\">\n<div class=\"screen-reader-response\"><p role=\"status\" aria-live=\"polite\" aria-atomic=\"true\"><\/p> <ul><\/ul><\/div>\n<form action=\"\/fr\/wp-json\/wp\/v2\/pages\/759\/#wpcf7-f760-o1\" method=\"post\" class=\"wpcf7-form init\" aria-label=\"Contact form\" novalidate=\"novalidate\" data-status=\"init\">\n<fieldset class=\"hidden-fields-container\"><input type=\"hidden\" name=\"_wpcf7\" value=\"760\" \/><input type=\"hidden\" name=\"_wpcf7_version\" value=\"6.1.5\" \/><input type=\"hidden\" name=\"_wpcf7_locale\" value=\"en_US\" \/><input type=\"hidden\" name=\"_wpcf7_unit_tag\" value=\"wpcf7-f760-o1\" \/><input type=\"hidden\" name=\"_wpcf7_container_post\" value=\"0\" \/><input type=\"hidden\" name=\"_wpcf7_posted_data_hash\" value=\"\" \/><input type=\"hidden\" name=\"_wpcf7_recaptcha_response\" value=\"\" \/>\n<\/fieldset>\n<p><label> Votre Nom (required)<br \/>\n<span class=\"wpcf7-form-control-wrap\" data-name=\"your-name\"><input size=\"40\" maxlength=\"400\" class=\"wpcf7-form-control wpcf7-text wpcf7-validates-as-required\" aria-required=\"true\" aria-invalid=\"false\" value=\"\" type=\"text\" name=\"your-name\" \/><\/span> <\/label>\n<\/p>\n<p><label> Votre E-Mail (required)<br \/>\n<span class=\"wpcf7-form-control-wrap\" data-name=\"your-email\"><input size=\"40\" maxlength=\"400\" class=\"wpcf7-form-control wpcf7-email wpcf7-validates-as-required wpcf7-text wpcf7-validates-as-email\" aria-required=\"true\" aria-invalid=\"false\" value=\"\" type=\"email\" name=\"your-email\" \/><\/span> <\/label>\n<\/p>\n<p><label> Sujet (required)<br \/>\n<span class=\"wpcf7-form-control-wrap\" data-name=\"your-subject\"><input size=\"40\" maxlength=\"400\" class=\"wpcf7-form-control wpcf7-text\" aria-invalid=\"false\" value=\"\" type=\"text\" name=\"your-subject\" \/><\/span> <\/label>\n<\/p>\n<p><label> Votre Message<br \/>\n<span class=\"wpcf7-form-control-wrap\" data-name=\"your-message\"><textarea cols=\"40\" rows=\"10\" maxlength=\"2000\" class=\"wpcf7-form-control wpcf7-textarea\" aria-invalid=\"false\" name=\"your-message\"><\/textarea><\/span> <\/label>\n<\/p>\n<p><span class=\"wpcf7-form-control-wrap\" data-name=\"checkbox-551\"><span class=\"wpcf7-form-control wpcf7-checkbox wpcf7-validates-as-required\"><span class=\"wpcf7-list-item first last\"><input type=\"checkbox\" name=\"checkbox-551[]\" value=\"I&#039;m human\" \/><span class=\"wpcf7-list-item-label\">I&#039;m human<\/span><\/span><\/span><\/span>\n<\/p>\n<p><input class=\"wpcf7-form-control wpcf7-submit has-spinner\" type=\"submit\" value=\"Envoyer\" \/>\n<\/p><div class=\"wpcf7-response-output\" aria-hidden=\"true\"><\/div>\n<\/form>\n<\/div>\n","protected":false},"excerpt":{"rendered":"<p>Si vous avez des questions concernant les ventes ou toute autre, s&rsquo;il vous pla\u00eet envoyer votre message via notre formulaire de contact. Nous vous r\u00e9pondrons d\u00e8s que possible. Gr\u00e2ce.<\/p>\n","protected":false},"author":1,"featured_media":0,"parent":0,"menu_order":0,"comment_status":"closed","ping_status":"closed","template":"page-templates\/contact.php","meta":{"ngg_post_thumbnail":0,"footnotes":""},"class_list":["post-759","page","type-page","status-publish","hentry"],"_links":{"self":[{"href":"https:\/\/tekcoat.com\/fr\/wp-json\/wp\/v2\/pages\/759\/"}],"collection":[{"href":"https:\/\/tekcoat.com\/fr\/wp-json\/wp\/v2\/pages\/"}],"about":[{"href":"https:\/\/tekcoat.com\/fr\/wp-json\/wp\/v2\/types\/page\/"}],"author":[{"embeddable":true,"href":"https:\/\/tekcoat.com\/fr\/wp-json\/wp\/v2\/users\/1\/"}],"replies":[{"embeddable":true,"href":"https:\/\/tekcoat.com\/fr\/wp-json\/wp\/v2\/comments\/?post=759"}],"version-history":[{"count":1,"href":"https:\/\/tekcoat.com\/fr\/wp-json\/wp\/v2\/pages\/759\/revisions\/"}],"predecessor-version":[{"id":761,"href":"https:\/\/tekcoat.com\/fr\/wp-json\/wp\/v2\/pages\/759\/revisions\/761\/"}],"wp:attachment":[{"href":"https:\/\/tekcoat.com\/fr\/wp-json\/wp\/v2\/media\/?parent=759"}],"curies":[{"name":"wp","href":"https:\/\/api.w.org\/{rel}","templated":true}]}}